{"id":810,"date":"2023-12-18T13:36:05","date_gmt":"2023-12-18T12:36:05","guid":{"rendered":"https:\/\/gamein.fyi\/blog\/?page_id=810"},"modified":"2024-07-26T10:52:23","modified_gmt":"2024-07-26T08:52:23","slug":"support","status":"publish","type":"page","link":"https:\/\/gamein.fyi\/blog\/support\/","title":{"rendered":"Support"},"content":{"rendered":"\t\t<div data-elementor-type=\"wp-page\" data-elementor-id=\"810\" class=\"elementor elementor-810\">\n\t\t\t\t\t\t\t<div class=\"elementor-element elementor-element-62ec025 e-flex e-con-boxed e-con e-parent\" data-id=\"62ec025\" data-element_type=\"container\" data-settings=\"{&quot;content_width&quot;:&quot;boxed&quot;}\" data-core-v316-plus=\"true\">\n\t\t\t\t\t<div class=\"e-con-inner\">\n\t\t\t\t\t<\/div>\n\t\t\t\t<\/div>\n\t\t<div class=\"elementor-element elementor-element-b26aa5e e-flex e-con-boxed e-con e-parent\" data-id=\"b26aa5e\" data-element_type=\"container\" data-settings=\"{&quot;content_width&quot;:&quot;boxed&quot;}\" data-core-v316-plus=\"true\">\n\t\t\t\t\t<div class=\"e-con-inner\">\n\t\t\t\t<div class=\"elementor-element elementor-element-e36c7e3 elementor-widget elementor-widget-gva-heading-block\" data-id=\"e36c7e3\" data-element_type=\"widget\" data-widget_type=\"gva-heading-block.default\">\n\t\t\t\t<div class=\"elementor-widget-container\">\n\t\t\t<div class=\"gva-element-gva-heading-block gva-element\">   <div class=\"align-left style-1 widget gsc-heading box-align-left auto-responsive\">\r\n      <div class=\"content-inner\">\r\n         \r\n                  \r\n                     <div class=\"sub-title\"><span>Support<\/span><\/div>\r\n           \r\n         \r\n                     <h2 class=\"title\">\r\n               <span>Wie du uns unterst\u00fctzen kannst<\/span>\r\n            <\/h2>\r\n                              <div class=\"title-desc\">Bei GAME:IN glauben wir daran, dass wir gemeinsam viel bewegen k\u00f6nnen. Deswegen freuen wir uns immer \u00fcber Unterst\u00fctzung, unsere Mission f\u00fcr eine inklusive und geschlechtergerechte Games-Branche voranzutreiben. Neben k\u00fcnftigen Vereins-Mitgliedschaften und Spenden gibt es viele verschiedene Wege, wie du uns supporten kannst. Allein, wenn du unsere Werte und Neuigkeiten mit deinem Umfeld teilst und f\u00fcr mehr Awareness sorgst, ist schon einiges getan!<br><br>Als eingetragener gemeinn\u00fctziger Verein ist es uns m\u00f6glich, Mitglieder aufzunehmen. Mit einer Mitgliedschaft zu einem Jahresbeitrag von 30,- Euro hilfst du uns, den Verein weiter zu st\u00e4rken und aufzubauen, hier findest du den entsprechenden   <a href=\"https:\/\/wkf.ms\/3RoYdFp\">Mitgliedsantrag<\/a>. Die finanziellen Mittel flie\u00dfen direkt wieder in unsere Angebot und helfen uns, dieses weiterhin kostenfrei zu gestalten. Falls du uns nur finanziell unterst\u00fctzen magst, ist dies \u00fcber eine  <a href=\"https:\/\/www.betterplace.org\/de\/projects\/138872-game-in-e-v-gameinsam-gegen-sexismus-in-der-deutschen-gamesbranche\">Spende<\/a>  jederzeit m\u00f6glich (zur einfachen Abwicklung arbeiten wir hier mit betterplace, du kannst hier auch eine Spendenquittung f\u00fcr deine Unterlagen erhalten).<br><br>Solltest du beispielsweise im Besitz einer Location sein, die du uns kostenfrei oder verg\u00fcnstigt zur Verf\u00fcgung stellen kannst, hilfst du uns, k\u00fcnftig weitere Veranstaltungen zu organisieren, die f\u00fcr alle zug\u00e4nglich sind. Vielleist bist du Hotelbetreiber:in und k\u00f6nntest uns Zimmer f\u00fcr unsere Speaker:innen bereitstellen, um sicherzustellen, dass wir eine breite Vielfalt an Stimmen in unseren Talks und Panel-Diskussionen vertreten k\u00f6nnen. Oder vielleicht bist du in der Rechts- oder Finanzbranche t\u00e4tigt und m\u00f6chtest uns mit deinem Fachwissen unterst\u00fctzen. Als Anw\u00e4lt:in k\u00f6nntest du uns mit Rechtsberatung helfen, w\u00e4hrend wir als Steuerberater:in deine Hilfe in Finanzangelegenheiten sch\u00e4tzen w\u00fcrden.\n<br><br>\nDiese Beispiele zeigen nur einen Ausschnitt aus den vielen M\u00f6glichkeiten, wie du unseren ehrenamtlichen Verein supporten kannst. Wenn du andere Ideen hast oder uns auf eine andere Weise helfen m\u00f6chtest, freuen wir uns darauf, von dir zu h\u00f6ren. Jede Form der Unterst\u00fctzung ist f\u00fcr uns von unsch\u00e4tzbarem Wert und tr\u00e4gt dazu bei, positive Ver\u00e4nderungen in der Games-Branche zu bewirken.<\/div>\r\n         \r\n                     <div class=\"heading-action\">\r\n               \t\t  <a href=\"mailto:info@gamein.fyi\" class=\"btn-cta btn-theme \">\r\n\t\t\t <span>Jetzt Kontakt aufnehmen<\/span>\r\n\t\t  <\/a>\r\n\r\n\t\t              <\/div>\r\n         \r\n      <\/div>\r\n   <\/div>\r\n<\/div>\t\t<\/div>\n\t\t\t\t<\/div>\n\t\t\t\t\t<\/div>\n\t\t\t\t<\/div>\n\t\t\t\t\t\t\t<\/div>\n\t\t","protected":false},"excerpt":{"rendered":"<p>Support Wie du uns unterst\u00fctzen kannst Bei GAME:IN glauben wir daran, dass wir gemeinsam viel bewegen k\u00f6nnen. Deswegen freuen wir uns immer \u00fcber Unterst\u00fctzung, unsere Mission f\u00fcr eine inklusive und [&hellip;]<\/p>\n","protected":false},"author":1,"featured_media":0,"parent":0,"menu_order":0,"comment_status":"closed","ping_status":"closed","template":"","meta":{"give_campaign_id":0,"footnotes":""},"class_list":["post-810","page","type-page","status-publish","hentry"],"campaignId":"","_links":{"self":[{"href":"https:\/\/gamein.fyi\/blog\/wp-json\/wp\/v2\/pages\/810","targetHints":{"allow":["GET"]}}],"collection":[{"href":"https:\/\/gamein.fyi\/blog\/wp-json\/wp\/v2\/pages"}],"about":[{"href":"https:\/\/gamein.fyi\/blog\/wp-json\/wp\/v2\/types\/page"}],"author":[{"embeddable":true,"href":"https:\/\/gamein.fyi\/blog\/wp-json\/wp\/v2\/users\/1"}],"replies":[{"embeddable":true,"href":"https:\/\/gamein.fyi\/blog\/wp-json\/wp\/v2\/comments?post=810"}],"version-history":[{"count":16,"href":"https:\/\/gamein.fyi\/blog\/wp-json\/wp\/v2\/pages\/810\/revisions"}],"predecessor-version":[{"id":1752,"href":"https:\/\/gamein.fyi\/blog\/wp-json\/wp\/v2\/pages\/810\/revisions\/1752"}],"wp:attachment":[{"href":"https:\/\/gamein.fyi\/blog\/wp-json\/wp\/v2\/media?parent=810"}],"curies":[{"name":"wp","href":"https:\/\/api.w.org\/{rel}","templated":true}]}}